{"id":275,"date":"2024-10-23T09:44:33","date_gmt":"2024-10-23T09:44:33","guid":{"rendered":"https:\/\/hno-alfeld.de\/?page_id=275"},"modified":"2024-11-27T09:51:43","modified_gmt":"2024-11-27T09:51:43","slug":"impressum","status":"publish","type":"page","link":"https:\/\/hno-alfeld.de\/?page_id=275","title":{"rendered":"Impressum"},"content":{"rendered":"\t\t<div data-elementor-type=\"wp-page\" data-elementor-id=\"275\" class=\"elementor elementor-275\" data-elementor-post-type=\"page\">\n\t\t\t\t<div class=\"elementor-element elementor-element-f94ac03 e-flex e-con-boxed e-con e-parent\" data-id=\"f94ac03\" data-element_type=\"container\">\n\t\t\t\t\t<div class=\"e-con-inner\">\n\t\t\t\t<div class=\"elementor-element elementor-element-a66ea7e elementor-widget elementor-widget-text-editor\" data-id=\"a66ea7e\" data-element_type=\"widget\" data-widget_type=\"text-editor.default\">\n\t\t\t\t<div class=\"elementor-widget-container\">\n\t\t\t\t\t\t\t\t\t<h1>Impressum<\/h1>\n<p>Dr. Katja Wedhorn<br>Dr. med. Katja Wedhorn<br>Fach\u00e4rztin f\u00fcr Hals-Nasen-Ohrenheilkunde<br>Kaiser-Wilhelm-Stra\u00dfe 10 a<br>31061 Alfeld<\/p>\n<h4>Kontakt<\/h4>\n<p>Telefon: 05181 4923<br>Telefax: 05181 82 70 84<br>E-Mail: info@hno-alfeld.de <br>(\u00fcber diese E-Mail Adresse keine <b>Kontaktaufnahme<\/b> mit der Praxis)<\/p>\n<h4>Aufsichtsbeh\u00f6rde<\/h4>\n<p>Kassen\u00e4rztliche Vereinigung Niedersachsen<br>Hauptgesch\u00e4ftsstelle<br>Berliner Allee 22<br>30175 Hannover<br>www.kvn.de<\/p>\n<p><a href=\"https:\/\/kvn.de\/\" target=\"_blank\" rel=\"noopener noreferrer\">https:\/\/kvn.de<\/a><\/p>\n<h4>Berufsbezeichnung und berufsrechtliche Regelungen<\/h4>\n<p>Berufsbezeichnung:<br>Facharzt f\u00fcr Hals-Nasen-Ohrenheilkunde<\/p>\n<p>Zust\u00e4ndige Kammer:<br>\u00c4rztekammer Niedersachsen<br>K\u00f6rperschaft des \u00f6ffentlichen Rechts<br>Berliner Allee 20<br>30175 Hannover<\/p>\n<p>Verliehen in:<br>Deutschland<\/p>\n<p>Es gelten folgende berufsrechtliche Regelungen:<\/p>\n<p>Kammergesetz f\u00fcr Heilberufe, Berufsordnung der \u00c4rztekammer Niedersachsen<br>einsehbar unter:&nbsp;<a href=\"https:\/\/www.aekn.de\/\" target=\"_blank\" rel=\"noopener noreferrer\">https:\/\/www.aekn.de\/<\/a><\/p>\n<h4>Angaben zur Berufs\u00adhaftpflicht\u00adversicherung<\/h4>\n<p><strong>Name und Sitz des Versicherers:<\/strong><br>Continentale Sachversicherung AG<br>Ruhrallee 92<br>44139 Dortmund<\/p>\n<p><strong>Geltungsraum der Versicherung:<\/strong><br>Deutschland<\/p>\n<h4>Verbraucher\u00adstreit\u00adbeilegung\/Universal\u00adschlichtungs\u00adstelle<\/h4>\n<p>Wir sind nicht bereit oder verpflichtet, an Streitbeilegungsverfahren vor einer Verbraucherschlichtungsstelle teilzunehmen.<\/p>\t\t\t\t\t\t\t\t<\/div>\n\t\t\t\t<\/div>\n\t\t\t\t\t<\/div>\n\t\t\t\t<\/div>\n\t\t\t\t<\/div>\n\t\t","protected":false},"excerpt":{"rendered":"<p>Impressum Dr. Katja WedhornDr. med. Katja WedhornFach\u00e4rztin f\u00fcr Hals-Nasen-OhrenheilkundeKaiser-Wilhelm-Stra\u00dfe 10 a31061 Alfeld Kontakt Telefon: 05181 4923Telefax: 05181 82 70 84E-Mail: info@hno-alfeld.de (\u00fcber diese E-Mail Adresse keine Kontaktaufnahme mit der Praxis) Aufsichtsbeh\u00f6rde Kassen\u00e4rztliche Vereinigung NiedersachsenHauptgesch\u00e4ftsstelleBerliner Allee 2230175 Hannoverwww.kvn.de https:\/\/kvn.de Berufsbezeichnung und berufsrechtliche Regelungen Berufsbezeichnung:Facharzt f\u00fcr Hals-Nasen-Ohrenheilkunde Zust\u00e4ndige Kammer:\u00c4rztekammer NiedersachsenK\u00f6rperschaft des \u00f6ffentlichen RechtsBerliner Allee 2030175 Hannover Verliehen [&hellip;]<\/p>\n","protected":false},"author":1,"featured_media":0,"parent":0,"menu_order":0,"comment_status":"closed","ping_status":"closed","template":"","meta":{"footnotes":""},"class_list":["post-275","page","type-page","status-publish","hentry"],"_links":{"self":[{"href":"https:\/\/hno-alfeld.de\/index.php?rest_route=\/wp\/v2\/pages\/275","targetHints":{"allow":["GET"]}}],"collection":[{"href":"https:\/\/hno-alfeld.de\/index.php?rest_route=\/wp\/v2\/pages"}],"about":[{"href":"https:\/\/hno-alfeld.de\/index.php?rest_route=\/wp\/v2\/types\/page"}],"author":[{"embeddable":true,"href":"https:\/\/hno-alfeld.de\/index.php?rest_route=\/wp\/v2\/users\/1"}],"replies":[{"embeddable":true,"href":"https:\/\/hno-alfeld.de\/index.php?rest_route=%2Fwp%2Fv2%2Fcomments&post=275"}],"version-history":[{"count":7,"href":"https:\/\/hno-alfeld.de\/index.php?rest_route=\/wp\/v2\/pages\/275\/revisions"}],"predecessor-version":[{"id":440,"href":"https:\/\/hno-alfeld.de\/index.php?rest_route=\/wp\/v2\/pages\/275\/revisions\/440"}],"wp:attachment":[{"href":"https:\/\/hno-alfeld.de\/index.php?rest_route=%2Fwp%2Fv2%2Fmedia&parent=275"}],"curies":[{"name":"wp","href":"https:\/\/api.w.org\/{rel}","templated":true}]}}